{"id":1137,"date":"2022-12-06T13:28:41","date_gmt":"2022-12-06T18:28:41","guid":{"rendered":"https:\/\/stlouishalle.com\/?page_id=1137"},"modified":"2025-02-17T14:56:20","modified_gmt":"2025-02-17T19:56:20","slug":"accueil","status":"publish","type":"page","link":"https:\/\/stlouishalle.com\/en\/","title":{"rendered":"Home"},"content":{"rendered":"","protected":false},"excerpt":{"rendered":"","protected":false},"author":121,"featured_media":0,"parent":0,"menu_order":0,"comment_status":"closed","ping_status":"closed","template":"home.php","meta":{"_acf_changed":false,"footnotes":""},"class_list":["post-1137","page","type-page","status-publish","hentry"],"acf":[],"yoast_head":"<!-- This site is optimized with the Yoast SEO plugin v26.7 - https:\/\/yoast.com\/wordpress\/plugins\/seo\/ -->\n<title>Home - St-Louis Hall\u00e9 Real Estate Brokers<\/title>\n<meta name=\"description\" content=\"Real Estate Broker Saint-Lambert, Boucherville and Montreal | St-Louis Hall\u00e9 Real Estate Brokers To contact St-Louis Hall\u00e9 Real Estate Brokers at their office, here are their coordinates: 454 Av Victoria, Saint-Lambert, QC J4P 2J4 Telephone : 514-503-2561.\" \/>\n<meta name=\"robots\" content=\"index, follow, max-snippet:-1, max-image-preview:large, max-video-preview:-1\" \/>\n<link rel=\"canonical\" href=\"https:\/\/stlouishalle.com\/en\/\" \/>\n<meta property=\"og:locale\" content=\"en_US\" \/>\n<meta property=\"og:type\" content=\"article\" \/>\n<meta property=\"og:title\" content=\"Home - St-Louis Hall\u00e9 Real Estate Brokers\" \/>\n<meta property=\"og:description\" content=\"Real Estate Broker Saint-Lambert, Boucherville and Montreal | St-Louis Hall\u00e9 Real Estate Brokers To contact St-Louis Hall\u00e9 Real Estate Brokers at their office, here are their coordinates: 454 Av Victoria, Saint-Lambert, QC J4P 2J4 Telephone : 514-503-2561.\" \/>\n<meta property=\"og:url\" content=\"https:\/\/stlouishalle.com\/en\/\" \/>\n<meta property=\"og:site_name\" content=\"St-Louis Hall\u00e9 Real Estate Brokers\" \/>\n<meta property=\"article:publisher\" content=\"https:\/\/www.facebook.com\/crystinecourtierimmobilier\" \/>\n<meta property=\"article:modified_time\" content=\"2025-02-17T19:56:20+00:00\" \/>\n<meta property=\"og:image\" content=\"https:\/\/stlouishalle.com\/files\/2024\/02\/header_facebook2023.png\" \/>\n\t<meta property=\"og:image:width\" content=\"1640\" \/>\n\t<meta property=\"og:image:height\" content=\"624\" \/>\n\t<meta property=\"og:image:type\" content=\"image\/png\" \/>\n<meta name=\"twitter:card\" content=\"summary_large_image\" \/>\n<script type=\"application\/ld+json\" class=\"yoast-schema-graph\">{\"@context\":\"https:\/\/schema.org\",\"@graph\":[{\"@type\":\"WebPage\",\"@id\":\"https:\/\/stlouishalle.com\/en\/\",\"url\":\"https:\/\/stlouishalle.com\/en\/\",\"name\":\"[:fr]Accueil[:en]Home[:] - St-Louis Hall\u00e9 Real Estate Brokers\",\"isPartOf\":{\"@id\":\"https:\/\/stlouishalle.com\/en\/#website\"},\"datePublished\":\"2022-12-06T18:28:41+00:00\",\"dateModified\":\"2025-02-17T19:56:20+00:00\",\"description\":\"Real Estate Broker Saint-Lambert, Boucherville and Montreal | St-Louis Hall\u00e9 Real Estate Brokers To contact St-Louis Hall\u00e9 Real Estate Brokers at their office, here are their coordinates: 454 Av Victoria, Saint-Lambert, QC J4P 2J4 Telephone : 514-503-2561.\",\"breadcrumb\":{\"@id\":\"https:\/\/stlouishalle.com\/en\/#breadcrumb\"},\"inLanguage\":\"en-US\",\"potentialAction\":[{\"@type\":\"ReadAction\",\"target\":[\"https:\/\/stlouishalle.com\/en\/\"]}]},{\"@type\":\"BreadcrumbList\",\"@id\":\"https:\/\/stlouishalle.com\/en\/#breadcrumb\",\"itemListElement\":[{\"@type\":\"ListItem\",\"position\":1,\"name\":\"Accueil\",\"item\":\"https:\/\/stlouishalle.com\/en\/\"},{\"@type\":\"ListItem\",\"position\":2,\"name\":\"Home\"}]},{\"@type\":\"WebSite\",\"@id\":\"https:\/\/stlouishalle.com\/en\/#website\",\"url\":\"https:\/\/stlouishalle.com\/en\/\",\"name\":\"St-Louis Hall\u00e9 Real Estate Brokers\",\"description\":\"Real Estate Broker\",\"potentialAction\":[{\"@type\":\"SearchAction\",\"target\":{\"@type\":\"EntryPoint\",\"urlTemplate\":\"https:\/\/stlouishalle.com\/en\/?s={search_term_string}\"},\"query-input\":{\"@type\":\"PropertyValueSpecification\",\"valueRequired\":true,\"valueName\":\"search_term_string\"}}],\"inLanguage\":\"en-US\"}]}<\/script>\n<!-- \/ Yoast SEO plugin. -->","yoast_head_json":{"title":"Home - St-Louis Hall\u00e9 Real Estate Brokers","description":"Real Estate Broker Saint-Lambert, Boucherville and Montreal | St-Louis Hall\u00e9 Real Estate Brokers To contact St-Louis Hall\u00e9 Real Estate Brokers at their office, here are their coordinates: 454 Av Victoria, Saint-Lambert, QC J4P 2J4 Telephone : 514-503-2561.","robots":{"index":"index","follow":"follow","max-snippet":"max-snippet:-1","max-image-preview":"max-image-preview:large","max-video-preview":"max-video-preview:-1"},"canonical":"https:\/\/stlouishalle.com\/en\/","og_locale":"en_US","og_type":"article","og_title":"Home - St-Louis Hall\u00e9 Real Estate Brokers","og_description":"Real Estate Broker Saint-Lambert, Boucherville and Montreal | St-Louis Hall\u00e9 Real Estate Brokers To contact St-Louis Hall\u00e9 Real Estate Brokers at their office, here are their coordinates: 454 Av Victoria, Saint-Lambert, QC J4P 2J4 Telephone : 514-503-2561.","og_url":"https:\/\/stlouishalle.com\/en\/","og_site_name":"St-Louis Hall\u00e9 Real Estate Brokers","article_publisher":"https:\/\/www.facebook.com\/crystinecourtierimmobilier","article_modified_time":"2025-02-17T19:56:20+00:00","og_image":[{"width":1640,"height":624,"url":"https:\/\/stlouishalle.com\/files\/2024\/02\/header_facebook2023.png","type":"image\/png"}],"twitter_card":"summary_large_image","schema":{"@context":"https:\/\/schema.org","@graph":[{"@type":"WebPage","@id":"https:\/\/stlouishalle.com\/en\/","url":"https:\/\/stlouishalle.com\/en\/","name":"[:fr]Accueil[:en]Home[:] - St-Louis Hall\u00e9 Real Estate Brokers","isPartOf":{"@id":"https:\/\/stlouishalle.com\/en\/#website"},"datePublished":"2022-12-06T18:28:41+00:00","dateModified":"2025-02-17T19:56:20+00:00","description":"Real Estate Broker Saint-Lambert, Boucherville and Montreal | St-Louis Hall\u00e9 Real Estate Brokers To contact St-Louis Hall\u00e9 Real Estate Brokers at their office, here are their coordinates: 454 Av Victoria, Saint-Lambert, QC J4P 2J4 Telephone : 514-503-2561.","breadcrumb":{"@id":"https:\/\/stlouishalle.com\/en\/#breadcrumb"},"inLanguage":"en-US","potentialAction":[{"@type":"ReadAction","target":["https:\/\/stlouishalle.com\/en\/"]}]},{"@type":"BreadcrumbList","@id":"https:\/\/stlouishalle.com\/en\/#breadcrumb","itemListElement":[{"@type":"ListItem","position":1,"name":"Accueil","item":"https:\/\/stlouishalle.com\/en\/"},{"@type":"ListItem","position":2,"name":"Home"}]},{"@type":"WebSite","@id":"https:\/\/stlouishalle.com\/en\/#website","url":"https:\/\/stlouishalle.com\/en\/","name":"St-Louis Hall\u00e9 Real Estate Brokers","description":"Real Estate Broker","potentialAction":[{"@type":"SearchAction","target":{"@type":"EntryPoint","urlTemplate":"https:\/\/stlouishalle.com\/en\/?s={search_term_string}"},"query-input":{"@type":"PropertyValueSpecification","valueRequired":true,"valueName":"search_term_string"}}],"inLanguage":"en-US"}]}},"_links":{"self":[{"href":"https:\/\/stlouishalle.com\/en\/wp-json\/wp\/v2\/pages\/1137","targetHints":{"allow":["GET"]}}],"collection":[{"href":"https:\/\/stlouishalle.com\/en\/wp-json\/wp\/v2\/pages"}],"about":[{"href":"https:\/\/stlouishalle.com\/en\/wp-json\/wp\/v2\/types\/page"}],"author":[{"embeddable":true,"href":"https:\/\/stlouishalle.com\/en\/wp-json\/wp\/v2\/users\/121"}],"replies":[{"embeddable":true,"href":"https:\/\/stlouishalle.com\/en\/wp-json\/wp\/v2\/comments?post=1137"}],"version-history":[{"count":1,"href":"https:\/\/stlouishalle.com\/en\/wp-json\/wp\/v2\/pages\/1137\/revisions"}],"predecessor-version":[{"id":1138,"href":"https:\/\/stlouishalle.com\/en\/wp-json\/wp\/v2\/pages\/1137\/revisions\/1138"}],"wp:attachment":[{"href":"https:\/\/stlouishalle.com\/en\/wp-json\/wp\/v2\/media?parent=1137"}],"curies":[{"name":"wp","href":"https:\/\/api.w.org\/{rel}","templated":true}]}}